{"id":40,"date":"2026-01-24T20:39:58","date_gmt":"2026-01-24T19:39:58","guid":{"rendered":"https:\/\/www.lesouffleduvivant-sanary.fr\/?page_id=40"},"modified":"2026-01-24T20:39:58","modified_gmt":"2026-01-24T19:39:58","slug":"location-du-studio","status":"publish","type":"page","link":"https:\/\/www.lesouffleduvivant-sanary.fr\/index.php\/location-du-studio\/","title":{"rendered":"Location du studio"},"content":{"rendered":"\n<p>\u2728 Le Souffle du Vivant \u2728<\/p>\n\n\n\n<p>Studio tout confort, id\u00e9al pour une escapade au bord de la M\u00e9diterran\u00e9e \ud83c\udf0a<\/p>\n\n\n\n<p>Un espace cosy et fonctionnel, pens\u00e9 pour se d\u00e9tendre et profiter pleinement de la r\u00e9gion.<\/p>\n\n\n\n<p>Ici, la mer est omnipr\u00e9sente\u2026 et pr\u00e9cieuse.<\/p>\n\n\n\n<p>Observer sans toucher, respecter le vivant, pr\u00e9server la richesse marine qui nous entoure : de petits gestes pour un grand \u00e9quilibre \ud83d\udc0b\ud83d\udc99<\/p>\n\n\n\n<p>Un s\u00e9jour simple, conscient et profond\u00e9ment ressour\u00e7ant.<\/p>\n\n\n\n<p>\ud83d\udcc5 Infos &amp; r\u00e9servations \ud83d\udc49<\/p>\n\n\n\n<p><a href=\"https:\/\/beds24.com\/booking2.php?propid=308964&amp;layout=1\">https:\/\/beds24.com\/booking2.php?propid=308964&amp;layout=1<\/a><\/p>\n","protected":false},"excerpt":{"rendered":"<p>\u2728 Le Souffle du Vivant \u2728 Studio tout confort, id\u00e9al pour une escapade au bord de la M\u00e9diterran\u00e9e \ud83c\udf0a Un espace cosy et fonctionnel, pens\u00e9 pour se d\u00e9tendre et profiter pleinement de la r\u00e9gion. Ici, la mer est omnipr\u00e9sente\u2026 et pr\u00e9cieuse. Observer sans toucher, respecter le vivant, pr\u00e9server la richesse marine qui nous entoure :&#8230;<\/p>\n","protected":false},"author":1,"featured_media":0,"parent":0,"menu_order":0,"comment_status":"closed","ping_status":"closed","template":"","meta":{"footnotes":""},"class_list":["post-40","page","type-page","status-publish","hentry"],"_links":{"self":[{"href":"https:\/\/www.lesouffleduvivant-sanary.fr\/index.php\/wp-json\/wp\/v2\/pages\/40","targetHints":{"allow":["GET"]}}],"collection":[{"href":"https:\/\/www.lesouffleduvivant-sanary.fr\/index.php\/wp-json\/wp\/v2\/pages"}],"about":[{"href":"https:\/\/www.lesouffleduvivant-sanary.fr\/index.php\/wp-json\/wp\/v2\/types\/page"}],"author":[{"embeddable":true,"href":"https:\/\/www.lesouffleduvivant-sanary.fr\/index.php\/wp-json\/wp\/v2\/users\/1"}],"replies":[{"embeddable":true,"href":"https:\/\/www.lesouffleduvivant-sanary.fr\/index.php\/wp-json\/wp\/v2\/comments?post=40"}],"version-history":[{"count":1,"href":"https:\/\/www.lesouffleduvivant-sanary.fr\/index.php\/wp-json\/wp\/v2\/pages\/40\/revisions"}],"predecessor-version":[{"id":41,"href":"https:\/\/www.lesouffleduvivant-sanary.fr\/index.php\/wp-json\/wp\/v2\/pages\/40\/revisions\/41"}],"wp:attachment":[{"href":"https:\/\/www.lesouffleduvivant-sanary.fr\/index.php\/wp-json\/wp\/v2\/media?parent=40"}],"curies":[{"name":"wp","href":"https:\/\/api.w.org\/{rel}","templated":true}]}}