{"id":14,"date":"2026-01-17T13:49:42","date_gmt":"2026-01-17T13:49:42","guid":{"rendered":"http:\/\/www.lesouffleduvivant-sanary.fr\/?page_id=14"},"modified":"2026-01-25T11:39:22","modified_gmt":"2026-01-25T10:39:22","slug":"accueil","status":"publish","type":"page","link":"https:\/\/www.lesouffleduvivant-sanary.fr\/","title":{"rendered":"Le Souffle du Vivant"},"content":{"rendered":"\n<p>Bienvenue dans notre logement \u00ab Le Souffle du Vivant \u00bb, un studio chaleureux \u00e0 Sanary-sur-Mer, pens\u00e9 pour des s\u00e9jours simples, confortables\u2026 et connect\u00e9s \u00e0 la beaut\u00e9 du littoral varois.<\/p>\n\n\n\n<div class=\"wp-block-group is-nowrap is-layout-flex wp-container-core-group-is-layout-ad2f72ca wp-block-group-is-layout-flex\">\n<p>Dans une r\u00e9sidence s\u00e9curis\u00e9e avec piscine, vous profitez d\u2019un cocon pratique pour explorer la mer, les criques et l\u2019art de vivre du Sud.<\/p>\n<\/div>\n\n\n\n<p>Ici, on aime la mer\u2026 et on la respecte. Le Souffle du Vivant soutient une d\u00e9marche de sensibilisation \u00e0 la pr\u00e9servation de la faune marine locale, fragilis\u00e9e par les pressions \u00e9cologiques (pollution, r\u00e9chauffement, d\u00e9chets) et humaines (d\u00e9rangement, pr\u00e9l\u00e8vements, ancrages).<\/p>\n\n\n\n<p>Dans la r\u00e9gion, il est possible d\u2019observer une vie sous-marine riche et notamment les plus grands c\u00e9tac\u00e9s : rorquals communs, cachalots, bancs de poissons, poulpes, \u00e9toiles de mer, oursins (\u00e0 ne pas toucher), et m\u00eame parfois des dauphins au large. Une faune essentielle \u00e0 l\u2019\u00e9quilibre de la M\u00e9diterran\u00e9e.<\/p>\n\n\n\n<p>\ud83d\udc99 Quelques gestes simples : ne rien laisser dans la nature, observer sans toucher ni nourrir, \u00e9viter de pi\u00e9tiner les zones rocheuses\/herbiers, et privil\u00e9gier des pratiques responsables. Contribuons, \u00e0 votre \u00e9chelle, \u00e0 pr\u00e9server le vivant.<\/p>\n\n\n\n\n\n<figure class=\"wp-block-gallery has-nested-images columns-default is-cropped wp-block-gallery-1 is-layout-flex wp-block-gallery-is-layout-flex\">\n<figure class=\"wp-block-image size-large\"><img loading=\"lazy\" decoding=\"async\" width=\"1024\" height=\"682\" data-id=\"35\" src=\"https:\/\/www.lesouffleduvivant-sanary.fr\/wp-content\/uploads\/2026\/01\/IMG_7197-1024x682.jpg\" alt=\"\" class=\"wp-image-35\" srcset=\"https:\/\/www.lesouffleduvivant-sanary.fr\/wp-content\/uploads\/2026\/01\/IMG_7197-1024x682.jpg 1024w, https:\/\/www.lesouffleduvivant-sanary.fr\/wp-content\/uploads\/2026\/01\/IMG_7197-300x200.jpg 300w, https:\/\/www.lesouffleduvivant-sanary.fr\/wp-content\/uploads\/2026\/01\/IMG_7197-768x512.jpg 768w, https:\/\/www.lesouffleduvivant-sanary.fr\/wp-content\/uploads\/2026\/01\/IMG_7197-1536x1023.jpg 1536w, https:\/\/www.lesouffleduvivant-sanary.fr\/wp-content\/uploads\/2026\/01\/IMG_7197-850x566.jpg 850w, https:\/\/www.lesouffleduvivant-sanary.fr\/wp-content\/uploads\/2026\/01\/IMG_7197.jpg 1600w\" sizes=\"auto, (max-width: 1024px) 100vw, 1024px\" \/><\/figure>\n<\/figure>\n\n\n\n<p>Qui sommes-nous ?<\/p>\n\n\n\n<p><\/p>\n","protected":false},"excerpt":{"rendered":"<p>Bienvenue dans notre logement \u00ab Le Souffle du Vivant \u00bb, un studio chaleureux \u00e0 Sanary-sur-Mer, pens\u00e9 pour des s\u00e9jours simples, confortables\u2026 et connect\u00e9s \u00e0 la beaut\u00e9 du littoral varois. Dans une r\u00e9sidence s\u00e9curis\u00e9e avec piscine, vous profitez d\u2019un cocon pratique pour explorer la mer, les criques et l\u2019art de vivre du Sud. Ici, on aime&#8230;<\/p>\n","protected":false},"author":1,"featured_media":0,"parent":0,"menu_order":0,"comment_status":"closed","ping_status":"closed","template":"","meta":{"footnotes":""},"class_list":["post-14","page","type-page","status-publish","hentry"],"_links":{"self":[{"href":"https:\/\/www.lesouffleduvivant-sanary.fr\/index.php\/wp-json\/wp\/v2\/pages\/14","targetHints":{"allow":["GET"]}}],"collection":[{"href":"https:\/\/www.lesouffleduvivant-sanary.fr\/index.php\/wp-json\/wp\/v2\/pages"}],"about":[{"href":"https:\/\/www.lesouffleduvivant-sanary.fr\/index.php\/wp-json\/wp\/v2\/types\/page"}],"author":[{"embeddable":true,"href":"https:\/\/www.lesouffleduvivant-sanary.fr\/index.php\/wp-json\/wp\/v2\/users\/1"}],"replies":[{"embeddable":true,"href":"https:\/\/www.lesouffleduvivant-sanary.fr\/index.php\/wp-json\/wp\/v2\/comments?post=14"}],"version-history":[{"count":7,"href":"https:\/\/www.lesouffleduvivant-sanary.fr\/index.php\/wp-json\/wp\/v2\/pages\/14\/revisions"}],"predecessor-version":[{"id":110,"href":"https:\/\/www.lesouffleduvivant-sanary.fr\/index.php\/wp-json\/wp\/v2\/pages\/14\/revisions\/110"}],"wp:attachment":[{"href":"https:\/\/www.lesouffleduvivant-sanary.fr\/index.php\/wp-json\/wp\/v2\/media?parent=14"}],"curies":[{"name":"wp","href":"https:\/\/api.w.org\/{rel}","templated":true}]}}